{"id":2712,"date":"2025-11-17T12:12:47","date_gmt":"2025-11-17T12:12:47","guid":{"rendered":"https:\/\/fcvizela.pt\/loja\/?post_type=product&#038;p=2712"},"modified":"2026-04-02T11:42:35","modified_gmt":"2026-04-02T11:42:35","slug":"calcao-alternativo-branco-2023-24","status":"publish","type":"product","link":"https:\/\/fcvizela.pt\/loja\/produto\/calcao-alternativo-branco-2023-24\/","title":{"rendered":"Cal\u00e7\u00e3o Alternativo Branco \u2013 2023\/24"},"content":{"rendered":"<p>Brancos com detalhes em azul, estes cal\u00e7\u00f5es da \u00e9poca 2023\/24 refletem a ess\u00eancia do FC Vizela. Confort\u00e1veis e modernos, s\u00e3o perfeitos para o dia a dia ou momentos de treino.<\/p>\n<p>Brancos com bainha azul-marinho, estes cal\u00e7\u00f5es s\u00e3o o complemento perfeito para o equipamento alternativo. Conforto e tradi\u00e7\u00e3o numa pe\u00e7a com o emblema e os log\u00f3tipos oficiais.<\/p>\n","protected":false},"excerpt":{"rendered":"<p>Brancos com detalhes em azul, estes cal\u00e7\u00f5es da \u00e9poca 2023\/24 refletem a ess\u00eancia do FC Vizela. Confort\u00e1veis e modernos, s\u00e3o perfeitos para o dia a dia ou momentos de treino. Brancos com bainha azul-marinho, estes cal\u00e7\u00f5es s\u00e3o o complemento perfeito para o equipamento alternativo. Conforto e tradi\u00e7\u00e3o numa pe\u00e7a com o emblema e os log\u00f3tipos [&hellip;]<\/p>\n","protected":false},"featured_media":2599,"template":"","meta":[],"product_brand":[],"product_cat":[15,102],"product_tag":[],"class_list":{"0":"post-2712","1":"product","2":"type-product","3":"status-publish","4":"has-post-thumbnail","6":"product_cat-catalogo-completo","7":"product_cat-promocoes","9":"first","10":"instock","11":"sale","12":"shipping-taxable","13":"purchasable","14":"product-type-variable"},"_links":{"self":[{"href":"https:\/\/fcvizela.pt\/loja\/wp-json\/wp\/v2\/product\/2712","targetHints":{"allow":["GET"]}}],"collection":[{"href":"https:\/\/fcvizela.pt\/loja\/wp-json\/wp\/v2\/product"}],"about":[{"href":"https:\/\/fcvizela.pt\/loja\/wp-json\/wp\/v2\/types\/product"}],"wp:featuredmedia":[{"embeddable":true,"href":"https:\/\/fcvizela.pt\/loja\/wp-json\/wp\/v2\/media\/2599"}],"wp:attachment":[{"href":"https:\/\/fcvizela.pt\/loja\/wp-json\/wp\/v2\/media?parent=2712"}],"wp:term":[{"taxonomy":"product_brand","embeddable":true,"href":"https:\/\/fcvizela.pt\/loja\/wp-json\/wp\/v2\/product_brand?post=2712"},{"taxonomy":"product_cat","embeddable":true,"href":"https:\/\/fcvizela.pt\/loja\/wp-json\/wp\/v2\/product_cat?post=2712"},{"taxonomy":"product_tag","embeddable":true,"href":"https:\/\/fcvizela.pt\/loja\/wp-json\/wp\/v2\/product_tag?post=2712"}],"curies":[{"name":"wp","href":"https:\/\/api.w.org\/{rel}","templated":true}]}}