{"id":2510,"date":"2025-10-21T10:56:18","date_gmt":"2025-10-21T10:56:18","guid":{"rendered":"https:\/\/fcvizela.pt\/loja\/?post_type=product&#038;p=2510"},"modified":"2025-12-23T15:44:23","modified_gmt":"2025-12-23T15:44:23","slug":"bola-vintage","status":"publish","type":"product","link":"https:\/\/fcvizela.pt\/loja\/produto\/bola-vintage\/","title":{"rendered":"Bola Vintage"},"content":{"rendered":"<p>Uma edi\u00e7\u00e3o exclusiva do FC Vizela, com acabamento de inspira\u00e7\u00e3o cl\u00e1ssica e materiais de alta qualidade. Um produto premium que combina eleg\u00e2ncia, tradi\u00e7\u00e3o e orgulho Vizelense.<\/p>\n","protected":false},"excerpt":{"rendered":"<p>Uma edi\u00e7\u00e3o exclusiva do FC Vizela, com acabamento de inspira\u00e7\u00e3o cl\u00e1ssica e materiais de alta qualidade. Um produto premium que combina eleg\u00e2ncia, tradi\u00e7\u00e3o e orgulho Vizelense.<\/p>\n","protected":false},"featured_media":2546,"template":"","meta":[],"product_brand":[],"product_cat":[20],"product_tag":[],"class_list":{"0":"post-2510","1":"product","2":"type-product","3":"status-publish","4":"has-post-thumbnail","6":"product_cat-acessorios","8":"first","9":"outofstock","10":"shipping-taxable","11":"purchasable","12":"product-type-simple"},"_links":{"self":[{"href":"https:\/\/fcvizela.pt\/loja\/wp-json\/wp\/v2\/product\/2510","targetHints":{"allow":["GET"]}}],"collection":[{"href":"https:\/\/fcvizela.pt\/loja\/wp-json\/wp\/v2\/product"}],"about":[{"href":"https:\/\/fcvizela.pt\/loja\/wp-json\/wp\/v2\/types\/product"}],"wp:featuredmedia":[{"embeddable":true,"href":"https:\/\/fcvizela.pt\/loja\/wp-json\/wp\/v2\/media\/2546"}],"wp:attachment":[{"href":"https:\/\/fcvizela.pt\/loja\/wp-json\/wp\/v2\/media?parent=2510"}],"wp:term":[{"taxonomy":"product_brand","embeddable":true,"href":"https:\/\/fcvizela.pt\/loja\/wp-json\/wp\/v2\/product_brand?post=2510"},{"taxonomy":"product_cat","embeddable":true,"href":"https:\/\/fcvizela.pt\/loja\/wp-json\/wp\/v2\/product_cat?post=2510"},{"taxonomy":"product_tag","embeddable":true,"href":"https:\/\/fcvizela.pt\/loja\/wp-json\/wp\/v2\/product_tag?post=2510"}],"curies":[{"name":"wp","href":"https:\/\/api.w.org\/{rel}","templated":true}]}}