{"id":2373,"date":"2025-08-21T15:20:31","date_gmt":"2025-08-21T15:20:31","guid":{"rendered":"https:\/\/fcvizela.pt\/loja\/?post_type=product&#038;p=2373"},"modified":"2025-11-17T12:16:04","modified_gmt":"2025-11-17T12:16:04","slug":"polo-azul-marinho-kappa","status":"publish","type":"product","link":"https:\/\/fcvizela.pt\/loja\/produto\/polo-azul-marinho-kappa\/","title":{"rendered":"Polo Azul Marinho Kappa"},"content":{"rendered":"<p>Cl\u00e1ssico, elegante e confort\u00e1vel. Este polo azul-marinho Kappa \u00e9 perfeito para um visual casual e sofisticado.<\/p>\n","protected":false},"excerpt":{"rendered":"<p>Cl\u00e1ssico, elegante e confort\u00e1vel. Este polo azul-marinho Kappa \u00e9 perfeito para um visual casual e sofisticado.<\/p>\n","protected":false},"featured_media":2636,"template":"","meta":[],"product_brand":[],"product_cat":[87],"product_tag":[],"class_list":{"0":"post-2373","1":"product","2":"type-product","3":"status-publish","4":"has-post-thumbnail","6":"product_cat-camisolas","8":"first","9":"instock","10":"shipping-taxable","11":"purchasable","12":"product-type-variable"},"_links":{"self":[{"href":"https:\/\/fcvizela.pt\/loja\/wp-json\/wp\/v2\/product\/2373","targetHints":{"allow":["GET"]}}],"collection":[{"href":"https:\/\/fcvizela.pt\/loja\/wp-json\/wp\/v2\/product"}],"about":[{"href":"https:\/\/fcvizela.pt\/loja\/wp-json\/wp\/v2\/types\/product"}],"wp:featuredmedia":[{"embeddable":true,"href":"https:\/\/fcvizela.pt\/loja\/wp-json\/wp\/v2\/media\/2636"}],"wp:attachment":[{"href":"https:\/\/fcvizela.pt\/loja\/wp-json\/wp\/v2\/media?parent=2373"}],"wp:term":[{"taxonomy":"product_brand","embeddable":true,"href":"https:\/\/fcvizela.pt\/loja\/wp-json\/wp\/v2\/product_brand?post=2373"},{"taxonomy":"product_cat","embeddable":true,"href":"https:\/\/fcvizela.pt\/loja\/wp-json\/wp\/v2\/product_cat?post=2373"},{"taxonomy":"product_tag","embeddable":true,"href":"https:\/\/fcvizela.pt\/loja\/wp-json\/wp\/v2\/product_tag?post=2373"}],"curies":[{"name":"wp","href":"https:\/\/api.w.org\/{rel}","templated":true}]}}