{"id":2357,"date":"2025-08-21T15:11:59","date_gmt":"2025-08-21T15:11:59","guid":{"rendered":"https:\/\/fcvizela.pt\/loja\/?post_type=product&#038;p=2357"},"modified":"2025-11-17T12:19:33","modified_gmt":"2025-11-17T12:19:33","slug":"t-shirt-azul-e-branca-kappa","status":"publish","type":"product","link":"https:\/\/fcvizela.pt\/loja\/produto\/t-shirt-azul-e-branca-kappa\/","title":{"rendered":"T-shirt Azul e branca Kappa"},"content":{"rendered":"<p>Simples, pr\u00e1tica e confort\u00e1vel. Esta T-shirt Kappa \u00e9 perfeita para o teu dia a dia, combinando com qualquer look casual.<\/p>\n","protected":false},"excerpt":{"rendered":"<p>Simples, pr\u00e1tica e confort\u00e1vel. Esta T-shirt Kappa \u00e9 perfeita para o teu dia a dia, combinando com qualquer look casual.<\/p>\n","protected":false},"featured_media":2644,"template":"","meta":[],"product_brand":[],"product_cat":[87],"product_tag":[],"class_list":{"0":"post-2357","1":"product","2":"type-product","3":"status-publish","4":"has-post-thumbnail","6":"product_cat-camisolas","8":"first","9":"instock","10":"shipping-taxable","11":"purchasable","12":"product-type-variable"},"_links":{"self":[{"href":"https:\/\/fcvizela.pt\/loja\/wp-json\/wp\/v2\/product\/2357","targetHints":{"allow":["GET"]}}],"collection":[{"href":"https:\/\/fcvizela.pt\/loja\/wp-json\/wp\/v2\/product"}],"about":[{"href":"https:\/\/fcvizela.pt\/loja\/wp-json\/wp\/v2\/types\/product"}],"wp:featuredmedia":[{"embeddable":true,"href":"https:\/\/fcvizela.pt\/loja\/wp-json\/wp\/v2\/media\/2644"}],"wp:attachment":[{"href":"https:\/\/fcvizela.pt\/loja\/wp-json\/wp\/v2\/media?parent=2357"}],"wp:term":[{"taxonomy":"product_brand","embeddable":true,"href":"https:\/\/fcvizela.pt\/loja\/wp-json\/wp\/v2\/product_brand?post=2357"},{"taxonomy":"product_cat","embeddable":true,"href":"https:\/\/fcvizela.pt\/loja\/wp-json\/wp\/v2\/product_cat?post=2357"},{"taxonomy":"product_tag","embeddable":true,"href":"https:\/\/fcvizela.pt\/loja\/wp-json\/wp\/v2\/product_tag?post=2357"}],"curies":[{"name":"wp","href":"https:\/\/api.w.org\/{rel}","templated":true}]}}