{"id":2349,"date":"2025-08-21T11:08:33","date_gmt":"2025-08-21T11:08:33","guid":{"rendered":"https:\/\/fcvizela.pt\/loja\/?post_type=product&#038;p=2349"},"modified":"2026-04-24T13:41:54","modified_gmt":"2026-04-24T13:41:54","slug":"calcao-azul-bebe-2025-2026-crianca","status":"publish","type":"product","link":"https:\/\/fcvizela.pt\/loja\/produto\/calcao-azul-bebe-2025-2026-crianca\/","title":{"rendered":"Cal\u00e7\u00e3o azul beb\u00e9 2025\/2026 &#8211; Crian\u00e7a"},"content":{"rendered":"<p>Totalmente em azul-beb\u00e9, estes cal\u00e7\u00f5es Kappa transmitem serenidade e energia positiva. Perfeitos para complementar o terceiro equipamento do clube e para sess\u00f5es de treino.<\/p>\n","protected":false},"excerpt":{"rendered":"<p>Totalmente em azul-beb\u00e9, estes cal\u00e7\u00f5es Kappa transmitem serenidade e energia positiva. Perfeitos para complementar o terceiro equipamento do clube e para sess\u00f5es de treino.<\/p>\n","protected":false},"featured_media":2581,"template":"","meta":[],"product_brand":[],"product_cat":[104],"product_tag":[],"class_list":{"0":"post-2349","1":"product","2":"type-product","3":"status-publish","4":"has-post-thumbnail","6":"product_cat-crianca-2025-26","8":"first","9":"instock","10":"sale","11":"shipping-taxable","12":"purchasable","13":"product-type-variable"},"_links":{"self":[{"href":"https:\/\/fcvizela.pt\/loja\/wp-json\/wp\/v2\/product\/2349","targetHints":{"allow":["GET"]}}],"collection":[{"href":"https:\/\/fcvizela.pt\/loja\/wp-json\/wp\/v2\/product"}],"about":[{"href":"https:\/\/fcvizela.pt\/loja\/wp-json\/wp\/v2\/types\/product"}],"wp:featuredmedia":[{"embeddable":true,"href":"https:\/\/fcvizela.pt\/loja\/wp-json\/wp\/v2\/media\/2581"}],"wp:attachment":[{"href":"https:\/\/fcvizela.pt\/loja\/wp-json\/wp\/v2\/media?parent=2349"}],"wp:term":[{"taxonomy":"product_brand","embeddable":true,"href":"https:\/\/fcvizela.pt\/loja\/wp-json\/wp\/v2\/product_brand?post=2349"},{"taxonomy":"product_cat","embeddable":true,"href":"https:\/\/fcvizela.pt\/loja\/wp-json\/wp\/v2\/product_cat?post=2349"},{"taxonomy":"product_tag","embeddable":true,"href":"https:\/\/fcvizela.pt\/loja\/wp-json\/wp\/v2\/product_tag?post=2349"}],"curies":[{"name":"wp","href":"https:\/\/api.w.org\/{rel}","templated":true}]}}