{"id":2344,"date":"2025-08-21T11:06:26","date_gmt":"2025-08-21T11:06:26","guid":{"rendered":"https:\/\/fcvizela.pt\/loja\/?post_type=product&#038;p=2344"},"modified":"2026-04-24T13:43:28","modified_gmt":"2026-04-24T13:43:28","slug":"calcao-azul-bebe-2025-2026","status":"publish","type":"product","link":"https:\/\/fcvizela.pt\/loja\/produto\/calcao-azul-bebe-2025-2026\/","title":{"rendered":"Cal\u00e7\u00e3o azul beb\u00e9 2025\/2026"},"content":{"rendered":"<p>Totalmente em azul-beb\u00e9, estes cal\u00e7\u00f5es Kappa transmitem serenidade e energia positiva. Perfeitos para complementar o terceiro equipamento do clube e para sess\u00f5es de treino.<\/p>\n","protected":false},"excerpt":{"rendered":"<p>Totalmente em azul-beb\u00e9, estes cal\u00e7\u00f5es Kappa transmitem serenidade e energia positiva. Perfeitos para complementar o terceiro equipamento do clube e para sess\u00f5es de treino.<\/p>\n","protected":false},"featured_media":2581,"template":"","meta":[],"product_brand":[],"product_cat":[90],"product_tag":[],"class_list":{"0":"post-2344","1":"product","2":"type-product","3":"status-publish","4":"has-post-thumbnail","6":"product_cat-equipamentos-2025-26","8":"first","9":"outofstock","10":"sale","11":"shipping-taxable","12":"purchasable","13":"product-type-variable"},"_links":{"self":[{"href":"https:\/\/fcvizela.pt\/loja\/wp-json\/wp\/v2\/product\/2344","targetHints":{"allow":["GET"]}}],"collection":[{"href":"https:\/\/fcvizela.pt\/loja\/wp-json\/wp\/v2\/product"}],"about":[{"href":"https:\/\/fcvizela.pt\/loja\/wp-json\/wp\/v2\/types\/product"}],"wp:featuredmedia":[{"embeddable":true,"href":"https:\/\/fcvizela.pt\/loja\/wp-json\/wp\/v2\/media\/2581"}],"wp:attachment":[{"href":"https:\/\/fcvizela.pt\/loja\/wp-json\/wp\/v2\/media?parent=2344"}],"wp:term":[{"taxonomy":"product_brand","embeddable":true,"href":"https:\/\/fcvizela.pt\/loja\/wp-json\/wp\/v2\/product_brand?post=2344"},{"taxonomy":"product_cat","embeddable":true,"href":"https:\/\/fcvizela.pt\/loja\/wp-json\/wp\/v2\/product_cat?post=2344"},{"taxonomy":"product_tag","embeddable":true,"href":"https:\/\/fcvizela.pt\/loja\/wp-json\/wp\/v2\/product_tag?post=2344"}],"curies":[{"name":"wp","href":"https:\/\/api.w.org\/{rel}","templated":true}]}}