{"id":2320,"date":"2025-08-21T10:55:51","date_gmt":"2025-08-21T10:55:51","guid":{"rendered":"https:\/\/fcvizela.pt\/loja\/?post_type=product&#038;p=2320"},"modified":"2026-04-24T13:48:20","modified_gmt":"2026-04-24T13:48:20","slug":"calcao-principal-2025-2026","status":"publish","type":"product","link":"https:\/\/fcvizela.pt\/loja\/produto\/calcao-principal-2025-2026\/","title":{"rendered":"Cal\u00e7\u00e3o Principal 2025\/2026"},"content":{"rendered":"<p>Azul-marinho com um detalhe em azul-claro na parte inferior, este cal\u00e7\u00e3o Kappa \u00e9 flex\u00edvel, leve e confort\u00e1vel. Perfeito para treinar ou para mostrar as cores do clube em qualquer ocasi\u00e3o.<\/p>\n","protected":false},"excerpt":{"rendered":"<p>Azul-marinho com um detalhe em azul-claro na parte inferior, este cal\u00e7\u00e3o Kappa \u00e9 flex\u00edvel, leve e confort\u00e1vel. Perfeito para treinar ou para mostrar as cores do clube em qualquer ocasi\u00e3o.<\/p>\n","protected":false},"featured_media":2577,"template":"","meta":[],"product_brand":[],"product_cat":[90],"product_tag":[],"class_list":{"0":"post-2320","1":"product","2":"type-product","3":"status-publish","4":"has-post-thumbnail","6":"product_cat-equipamentos-2025-26","8":"first","9":"instock","10":"sale","11":"shipping-taxable","12":"purchasable","13":"product-type-variable"},"_links":{"self":[{"href":"https:\/\/fcvizela.pt\/loja\/wp-json\/wp\/v2\/product\/2320","targetHints":{"allow":["GET"]}}],"collection":[{"href":"https:\/\/fcvizela.pt\/loja\/wp-json\/wp\/v2\/product"}],"about":[{"href":"https:\/\/fcvizela.pt\/loja\/wp-json\/wp\/v2\/types\/product"}],"wp:featuredmedia":[{"embeddable":true,"href":"https:\/\/fcvizela.pt\/loja\/wp-json\/wp\/v2\/media\/2577"}],"wp:attachment":[{"href":"https:\/\/fcvizela.pt\/loja\/wp-json\/wp\/v2\/media?parent=2320"}],"wp:term":[{"taxonomy":"product_brand","embeddable":true,"href":"https:\/\/fcvizela.pt\/loja\/wp-json\/wp\/v2\/product_brand?post=2320"},{"taxonomy":"product_cat","embeddable":true,"href":"https:\/\/fcvizela.pt\/loja\/wp-json\/wp\/v2\/product_cat?post=2320"},{"taxonomy":"product_tag","embeddable":true,"href":"https:\/\/fcvizela.pt\/loja\/wp-json\/wp\/v2\/product_tag?post=2320"}],"curies":[{"name":"wp","href":"https:\/\/api.w.org\/{rel}","templated":true}]}}