{"id":2306,"date":"2025-08-21T10:49:14","date_gmt":"2025-08-21T10:49:14","guid":{"rendered":"https:\/\/fcvizela.pt\/loja\/?post_type=product&#038;p=2306"},"modified":"2026-04-24T13:54:14","modified_gmt":"2026-04-24T13:54:14","slug":"camisola-alternativa-azul-bebe-2025-2026","status":"publish","type":"product","link":"https:\/\/fcvizela.pt\/loja\/produto\/camisola-alternativa-azul-bebe-2025-2026\/","title":{"rendered":"Camisola Alternativa Azul beb\u00e9 2025\/2026"},"content":{"rendered":"<p>Elegante e uniforme em azul-beb\u00e9, esta camisola Kappa carrega a hist\u00f3ria e a identidade vizelense em cada detalhe. Muito confort\u00e1vel, \u00e9 perfeita para apoiar a equipa ou usar no dia a dia, combinando tradi\u00e7\u00e3o e estilo.<\/p>\n","protected":false},"excerpt":{"rendered":"<p>Elegante e uniforme em azul-beb\u00e9, esta camisola Kappa carrega a hist\u00f3ria e a identidade vizelense em cada detalhe. Muito confort\u00e1vel, \u00e9 perfeita para apoiar a equipa ou usar no dia a dia, combinando tradi\u00e7\u00e3o e estilo.<\/p>\n","protected":false},"featured_media":2575,"template":"","meta":[],"product_brand":[],"product_cat":[110,90],"product_tag":[],"class_list":{"0":"post-2306","1":"product","2":"type-product","3":"status-publish","4":"has-post-thumbnail","6":"product_cat-camisola-alternativa-2","7":"product_cat-equipamentos-2025-26","9":"first","10":"instock","11":"sale","12":"shipping-taxable","13":"purchasable","14":"product-type-variable"},"_links":{"self":[{"href":"https:\/\/fcvizela.pt\/loja\/wp-json\/wp\/v2\/product\/2306","targetHints":{"allow":["GET"]}}],"collection":[{"href":"https:\/\/fcvizela.pt\/loja\/wp-json\/wp\/v2\/product"}],"about":[{"href":"https:\/\/fcvizela.pt\/loja\/wp-json\/wp\/v2\/types\/product"}],"wp:featuredmedia":[{"embeddable":true,"href":"https:\/\/fcvizela.pt\/loja\/wp-json\/wp\/v2\/media\/2575"}],"wp:attachment":[{"href":"https:\/\/fcvizela.pt\/loja\/wp-json\/wp\/v2\/media?parent=2306"}],"wp:term":[{"taxonomy":"product_brand","embeddable":true,"href":"https:\/\/fcvizela.pt\/loja\/wp-json\/wp\/v2\/product_brand?post=2306"},{"taxonomy":"product_cat","embeddable":true,"href":"https:\/\/fcvizela.pt\/loja\/wp-json\/wp\/v2\/product_cat?post=2306"},{"taxonomy":"product_tag","embeddable":true,"href":"https:\/\/fcvizela.pt\/loja\/wp-json\/wp\/v2\/product_tag?post=2306"}],"curies":[{"name":"wp","href":"https:\/\/api.w.org\/{rel}","templated":true}]}}