{"id":2277,"date":"2025-08-21T09:24:46","date_gmt":"2025-08-21T09:24:46","guid":{"rendered":"https:\/\/fcvizela.pt\/loja\/?post_type=product&#038;p=2277"},"modified":"2026-04-26T18:42:37","modified_gmt":"2026-04-26T18:42:37","slug":"camisola-principal-2025-2026","status":"publish","type":"product","link":"https:\/\/fcvizela.pt\/loja\/produto\/camisola-principal-2025-2026\/","title":{"rendered":"Camisola Principal 2025\/2026"},"content":{"rendered":"<p>Mostra o teu orgulho pelo clube com esta camisola principal em azul-claro, que celebra a identidade hist\u00f3rica da equipa. Leve, respir\u00e1vel e super confort\u00e1vel, \u00e9 perfeita para jogar, treinar ou usar no dia a dia, mantendo tradi\u00e7\u00e3o e estilo em cada momento.<\/p>\n","protected":false},"excerpt":{"rendered":"<p>Mostra o teu orgulho pelo clube com esta camisola principal em azul-claro, que celebra a identidade hist\u00f3rica da equipa. Leve, respir\u00e1vel e super confort\u00e1vel, \u00e9 perfeita para jogar, treinar ou usar no dia a dia, mantendo tradi\u00e7\u00e3o e estilo em cada momento.<\/p>\n","protected":false},"featured_media":2571,"template":"","meta":[],"product_brand":[],"product_cat":[108,90],"product_tag":[],"class_list":{"0":"post-2277","1":"product","2":"type-product","3":"status-publish","4":"has-post-thumbnail","6":"product_cat-camisola-principal","7":"product_cat-equipamentos-2025-26","9":"first","10":"instock","11":"sale","12":"shipping-taxable","13":"purchasable","14":"product-type-variable"},"_links":{"self":[{"href":"https:\/\/fcvizela.pt\/loja\/wp-json\/wp\/v2\/product\/2277","targetHints":{"allow":["GET"]}}],"collection":[{"href":"https:\/\/fcvizela.pt\/loja\/wp-json\/wp\/v2\/product"}],"about":[{"href":"https:\/\/fcvizela.pt\/loja\/wp-json\/wp\/v2\/types\/product"}],"wp:featuredmedia":[{"embeddable":true,"href":"https:\/\/fcvizela.pt\/loja\/wp-json\/wp\/v2\/media\/2571"}],"wp:attachment":[{"href":"https:\/\/fcvizela.pt\/loja\/wp-json\/wp\/v2\/media?parent=2277"}],"wp:term":[{"taxonomy":"product_brand","embeddable":true,"href":"https:\/\/fcvizela.pt\/loja\/wp-json\/wp\/v2\/product_brand?post=2277"},{"taxonomy":"product_cat","embeddable":true,"href":"https:\/\/fcvizela.pt\/loja\/wp-json\/wp\/v2\/product_cat?post=2277"},{"taxonomy":"product_tag","embeddable":true,"href":"https:\/\/fcvizela.pt\/loja\/wp-json\/wp\/v2\/product_tag?post=2277"}],"curies":[{"name":"wp","href":"https:\/\/api.w.org\/{rel}","templated":true}]}}