{"id":2168,"date":"2025-07-07T17:07:15","date_gmt":"2025-07-07T17:07:15","guid":{"rendered":"https:\/\/fcvizela.pt\/loja\/?post_type=product&#038;p=2168"},"modified":"2026-04-02T14:41:18","modified_gmt":"2026-04-02T14:41:18","slug":"casaco-impermeavel-kappa-copia","status":"publish","type":"product","link":"https:\/\/fcvizela.pt\/loja\/produto\/casaco-impermeavel-kappa-copia\/","title":{"rendered":"Blus\u00e3o Crian\u00e7a Imperme\u00e1vel Kappa"},"content":{"rendered":"<p>A melhor escolha para os dias frios e chuvosos. Confort\u00e1vel, resistente e com design moderno, este casaco imperme\u00e1vel \u00e9 um essencial para qualquer adepto.<\/p>\n","protected":false},"excerpt":{"rendered":"<p>A melhor escolha para os dias frios e chuvosos. Confort\u00e1vel, resistente e com design moderno, este casaco imperme\u00e1vel \u00e9 um essencial para qualquer adepto.<\/p>\n","protected":false},"featured_media":2630,"template":"","meta":[],"product_brand":[],"product_cat":[70,15,21],"product_tag":[],"class_list":{"0":"post-2168","1":"product","2":"type-product","3":"status-publish","4":"has-post-thumbnail","6":"product_cat-bebe-crianca","7":"product_cat-catalogo-completo","8":"product_cat-vestuario","10":"first","11":"instock","12":"shipping-taxable","13":"purchasable","14":"product-type-variable"},"_links":{"self":[{"href":"https:\/\/fcvizela.pt\/loja\/wp-json\/wp\/v2\/product\/2168","targetHints":{"allow":["GET"]}}],"collection":[{"href":"https:\/\/fcvizela.pt\/loja\/wp-json\/wp\/v2\/product"}],"about":[{"href":"https:\/\/fcvizela.pt\/loja\/wp-json\/wp\/v2\/types\/product"}],"wp:featuredmedia":[{"embeddable":true,"href":"https:\/\/fcvizela.pt\/loja\/wp-json\/wp\/v2\/media\/2630"}],"wp:attachment":[{"href":"https:\/\/fcvizela.pt\/loja\/wp-json\/wp\/v2\/media?parent=2168"}],"wp:term":[{"taxonomy":"product_brand","embeddable":true,"href":"https:\/\/fcvizela.pt\/loja\/wp-json\/wp\/v2\/product_brand?post=2168"},{"taxonomy":"product_cat","embeddable":true,"href":"https:\/\/fcvizela.pt\/loja\/wp-json\/wp\/v2\/product_cat?post=2168"},{"taxonomy":"product_tag","embeddable":true,"href":"https:\/\/fcvizela.pt\/loja\/wp-json\/wp\/v2\/product_tag?post=2168"}],"curies":[{"name":"wp","href":"https:\/\/api.w.org\/{rel}","templated":true}]}}