{"id":2113,"date":"2025-07-07T15:50:36","date_gmt":"2025-07-07T15:50:36","guid":{"rendered":"https:\/\/fcvizela.pt\/loja\/?post_type=product&#038;p=2113"},"modified":"2026-04-25T09:09:13","modified_gmt":"2026-04-25T09:09:13","slug":"calcao-crianca-2023-24-3","status":"publish","type":"product","link":"https:\/\/fcvizela.pt\/loja\/produto\/calcao-crianca-2023-24-3\/","title":{"rendered":"Cal\u00e7\u00e3o Alternativo Preto Crian\u00e7a \u2013 2023\/24"},"content":{"rendered":"<p>Pretos com acabamentos dourados, estes cal\u00e7\u00f5es refletem a eleg\u00e2ncia e o esp\u00edrito distinto do terceiro equipamento. Para completar o visual com atitude vizelense.<\/p>\n","protected":false},"excerpt":{"rendered":"<p>Pretos com acabamentos dourados, estes cal\u00e7\u00f5es refletem a eleg\u00e2ncia e o esp\u00edrito distinto do terceiro equipamento. Para completar o visual com atitude vizelense.<\/p>\n","protected":false},"featured_media":1661,"template":"","meta":[],"product_brand":[],"product_cat":[15,105],"product_tag":[],"class_list":{"0":"post-2113","1":"product","2":"type-product","3":"status-publish","4":"has-post-thumbnail","6":"product_cat-catalogo-completo","7":"product_cat-promocoes-crianca","9":"first","10":"instock","11":"sale","12":"shipping-taxable","13":"purchasable","14":"product-type-variable"},"_links":{"self":[{"href":"https:\/\/fcvizela.pt\/loja\/wp-json\/wp\/v2\/product\/2113","targetHints":{"allow":["GET"]}}],"collection":[{"href":"https:\/\/fcvizela.pt\/loja\/wp-json\/wp\/v2\/product"}],"about":[{"href":"https:\/\/fcvizela.pt\/loja\/wp-json\/wp\/v2\/types\/product"}],"wp:featuredmedia":[{"embeddable":true,"href":"https:\/\/fcvizela.pt\/loja\/wp-json\/wp\/v2\/media\/1661"}],"wp:attachment":[{"href":"https:\/\/fcvizela.pt\/loja\/wp-json\/wp\/v2\/media?parent=2113"}],"wp:term":[{"taxonomy":"product_brand","embeddable":true,"href":"https:\/\/fcvizela.pt\/loja\/wp-json\/wp\/v2\/product_brand?post=2113"},{"taxonomy":"product_cat","embeddable":true,"href":"https:\/\/fcvizela.pt\/loja\/wp-json\/wp\/v2\/product_cat?post=2113"},{"taxonomy":"product_tag","embeddable":true,"href":"https:\/\/fcvizela.pt\/loja\/wp-json\/wp\/v2\/product_tag?post=2113"}],"curies":[{"name":"wp","href":"https:\/\/api.w.org\/{rel}","templated":true}]}}