{"id":2094,"date":"2025-07-07T15:46:16","date_gmt":"2025-07-07T15:46:16","guid":{"rendered":"https:\/\/fcvizela.pt\/loja\/?post_type=product&#038;p=2094"},"modified":"2026-04-25T09:09:13","modified_gmt":"2026-04-25T09:09:13","slug":"camisola-crianca-2023-24-3","status":"publish","type":"product","link":"https:\/\/fcvizela.pt\/loja\/produto\/camisola-crianca-2023-24-3\/","title":{"rendered":"Camisola Alternativa Preta Crian\u00e7a \u2013 2023\/24"},"content":{"rendered":"<p>Preto e dourado com a Rainha como s\u00edmbolo central, esta camisola representa eleg\u00e2ncia, ambi\u00e7\u00e3o e hist\u00f3ria. Personaliza a tua e mostra ao mundo a for\u00e7a do FC Vizela.<\/p>\n","protected":false},"excerpt":{"rendered":"<p>Preto e dourado com a Rainha como s\u00edmbolo central, esta camisola representa eleg\u00e2ncia, ambi\u00e7\u00e3o e hist\u00f3ria. Personaliza a tua e mostra ao mundo a for\u00e7a do FC Vizela.<\/p>\n","protected":false},"featured_media":2618,"template":"","meta":[],"product_brand":[],"product_cat":[15,105],"product_tag":[],"class_list":{"0":"post-2094","1":"product","2":"type-product","3":"status-publish","4":"has-post-thumbnail","6":"product_cat-catalogo-completo","7":"product_cat-promocoes-crianca","9":"first","10":"instock","11":"sale","12":"shipping-taxable","13":"purchasable","14":"product-type-variable"},"_links":{"self":[{"href":"https:\/\/fcvizela.pt\/loja\/wp-json\/wp\/v2\/product\/2094","targetHints":{"allow":["GET"]}}],"collection":[{"href":"https:\/\/fcvizela.pt\/loja\/wp-json\/wp\/v2\/product"}],"about":[{"href":"https:\/\/fcvizela.pt\/loja\/wp-json\/wp\/v2\/types\/product"}],"wp:featuredmedia":[{"embeddable":true,"href":"https:\/\/fcvizela.pt\/loja\/wp-json\/wp\/v2\/media\/2618"}],"wp:attachment":[{"href":"https:\/\/fcvizela.pt\/loja\/wp-json\/wp\/v2\/media?parent=2094"}],"wp:term":[{"taxonomy":"product_brand","embeddable":true,"href":"https:\/\/fcvizela.pt\/loja\/wp-json\/wp\/v2\/product_brand?post=2094"},{"taxonomy":"product_cat","embeddable":true,"href":"https:\/\/fcvizela.pt\/loja\/wp-json\/wp\/v2\/product_cat?post=2094"},{"taxonomy":"product_tag","embeddable":true,"href":"https:\/\/fcvizela.pt\/loja\/wp-json\/wp\/v2\/product_tag?post=2094"}],"curies":[{"name":"wp","href":"https:\/\/api.w.org\/{rel}","templated":true}]}}