{"id":2062,"date":"2025-07-07T15:25:01","date_gmt":"2025-07-07T15:25:01","guid":{"rendered":"https:\/\/fcvizela.pt\/loja\/?post_type=product&#038;p=2062"},"modified":"2026-04-02T11:46:06","modified_gmt":"2026-04-02T11:46:06","slug":"calcao-crianca-2023-24-2","status":"publish","type":"product","link":"https:\/\/fcvizela.pt\/loja\/produto\/calcao-crianca-2023-24-2\/","title":{"rendered":"Cal\u00e7\u00e3o Principal Crian\u00e7a \u2013 2023\/24"},"content":{"rendered":"<p>Azul-marinho com um toque de azul ciano, este cal\u00e7\u00e3o Kappa completa o equipamento principal da \u00e9poca de 2024\/25 com estilo e leveza. Ideal para treinar ou viver o clube no dia a dia.<\/p>\n","protected":false},"excerpt":{"rendered":"<p>Azul-marinho com um toque de azul ciano, este cal\u00e7\u00e3o Kappa completa o equipamento principal da \u00e9poca de 2024\/25 com estilo e leveza. Ideal para treinar ou viver o clube no dia a dia.<\/p>\n","protected":false},"featured_media":1666,"template":"","meta":[],"product_brand":[],"product_cat":[15,105],"product_tag":[],"class_list":{"0":"post-2062","1":"product","2":"type-product","3":"status-publish","4":"has-post-thumbnail","6":"product_cat-catalogo-completo","7":"product_cat-promocoes-crianca","9":"first","10":"instock","11":"sale","12":"shipping-taxable","13":"purchasable","14":"product-type-variable"},"_links":{"self":[{"href":"https:\/\/fcvizela.pt\/loja\/wp-json\/wp\/v2\/product\/2062","targetHints":{"allow":["GET"]}}],"collection":[{"href":"https:\/\/fcvizela.pt\/loja\/wp-json\/wp\/v2\/product"}],"about":[{"href":"https:\/\/fcvizela.pt\/loja\/wp-json\/wp\/v2\/types\/product"}],"wp:featuredmedia":[{"embeddable":true,"href":"https:\/\/fcvizela.pt\/loja\/wp-json\/wp\/v2\/media\/1666"}],"wp:attachment":[{"href":"https:\/\/fcvizela.pt\/loja\/wp-json\/wp\/v2\/media?parent=2062"}],"wp:term":[{"taxonomy":"product_brand","embeddable":true,"href":"https:\/\/fcvizela.pt\/loja\/wp-json\/wp\/v2\/product_brand?post=2062"},{"taxonomy":"product_cat","embeddable":true,"href":"https:\/\/fcvizela.pt\/loja\/wp-json\/wp\/v2\/product_cat?post=2062"},{"taxonomy":"product_tag","embeddable":true,"href":"https:\/\/fcvizela.pt\/loja\/wp-json\/wp\/v2\/product_tag?post=2062"}],"curies":[{"name":"wp","href":"https:\/\/api.w.org\/{rel}","templated":true}]}}