{"id":1981,"date":"2025-07-02T15:08:09","date_gmt":"2025-07-02T15:08:09","guid":{"rendered":"https:\/\/fcvizela.pt\/loja\/?post_type=product&#038;p=1981"},"modified":"2026-04-25T09:09:13","modified_gmt":"2026-04-25T09:09:13","slug":"calcao-3-2024-25-copia","status":"publish","type":"product","link":"https:\/\/fcvizela.pt\/loja\/produto\/calcao-3-2024-25-copia\/","title":{"rendered":"Cal\u00e7\u00e3o Alternativo Roxo Crian\u00e7a \u2013 2024\/25"},"content":{"rendered":"<p>Em roxo intenso com toques dourados, estes cal\u00e7\u00f5es complementam o terceiro equipamento da \u00e9poca 2024\/25 com eleg\u00e2ncia, conforto, design e identidade vizelense.<\/p>\n","protected":false},"excerpt":{"rendered":"<p>Em roxo intenso com toques dourados, estes cal\u00e7\u00f5es complementam o terceiro equipamento da \u00e9poca 2024\/25 com eleg\u00e2ncia, conforto, design e identidade vizelense.<\/p>\n","protected":false},"featured_media":1697,"template":"","meta":[],"product_brand":[],"product_cat":[15,105],"product_tag":[],"class_list":{"0":"post-1981","1":"product","2":"type-product","3":"status-publish","4":"has-post-thumbnail","6":"product_cat-catalogo-completo","7":"product_cat-promocoes-crianca","9":"first","10":"instock","11":"sale","12":"shipping-taxable","13":"purchasable","14":"product-type-variable"},"_links":{"self":[{"href":"https:\/\/fcvizela.pt\/loja\/wp-json\/wp\/v2\/product\/1981","targetHints":{"allow":["GET"]}}],"collection":[{"href":"https:\/\/fcvizela.pt\/loja\/wp-json\/wp\/v2\/product"}],"about":[{"href":"https:\/\/fcvizela.pt\/loja\/wp-json\/wp\/v2\/types\/product"}],"wp:featuredmedia":[{"embeddable":true,"href":"https:\/\/fcvizela.pt\/loja\/wp-json\/wp\/v2\/media\/1697"}],"wp:attachment":[{"href":"https:\/\/fcvizela.pt\/loja\/wp-json\/wp\/v2\/media?parent=1981"}],"wp:term":[{"taxonomy":"product_brand","embeddable":true,"href":"https:\/\/fcvizela.pt\/loja\/wp-json\/wp\/v2\/product_brand?post=1981"},{"taxonomy":"product_cat","embeddable":true,"href":"https:\/\/fcvizela.pt\/loja\/wp-json\/wp\/v2\/product_cat?post=1981"},{"taxonomy":"product_tag","embeddable":true,"href":"https:\/\/fcvizela.pt\/loja\/wp-json\/wp\/v2\/product_tag?post=1981"}],"curies":[{"name":"wp","href":"https:\/\/api.w.org\/{rel}","templated":true}]}}