{"id":1962,"date":"2025-07-02T15:05:00","date_gmt":"2025-07-02T15:05:00","guid":{"rendered":"https:\/\/fcvizela.pt\/loja\/?post_type=product&#038;p=1962"},"modified":"2026-04-25T09:09:13","modified_gmt":"2026-04-25T09:09:13","slug":"camisola-3-crianca-2024-25","status":"publish","type":"product","link":"https:\/\/fcvizela.pt\/loja\/produto\/camisola-3-crianca-2024-25\/","title":{"rendered":"Camisola Alternativa Roxa Crian\u00e7a \u2013 2024\/25"},"content":{"rendered":"<p>Com design arrojado em tons de roxo e riscas romanas, esta camisola da \u00e9poca 2024\/25 presta homenagem \u00e0 hist\u00f3ria da cidade. Um s\u00edmbolo de identidade e orgulho nas nossas origens e na heran\u00e7a cultural que molda a alma vizelense.<\/p>\n","protected":false},"excerpt":{"rendered":"<p>Com design arrojado em tons de roxo e riscas romanas, esta camisola da \u00e9poca 2024\/25 presta homenagem \u00e0 hist\u00f3ria da cidade. Um s\u00edmbolo de identidade e orgulho nas nossas origens e na heran\u00e7a cultural que molda a alma vizelense.<\/p>\n","protected":false},"featured_media":2591,"template":"","meta":[],"product_brand":[],"product_cat":[15,105],"product_tag":[],"class_list":{"0":"post-1962","1":"product","2":"type-product","3":"status-publish","4":"has-post-thumbnail","6":"product_cat-catalogo-completo","7":"product_cat-promocoes-crianca","9":"first","10":"instock","11":"sale","12":"shipping-taxable","13":"purchasable","14":"product-type-variable"},"_links":{"self":[{"href":"https:\/\/fcvizela.pt\/loja\/wp-json\/wp\/v2\/product\/1962","targetHints":{"allow":["GET"]}}],"collection":[{"href":"https:\/\/fcvizela.pt\/loja\/wp-json\/wp\/v2\/product"}],"about":[{"href":"https:\/\/fcvizela.pt\/loja\/wp-json\/wp\/v2\/types\/product"}],"wp:featuredmedia":[{"embeddable":true,"href":"https:\/\/fcvizela.pt\/loja\/wp-json\/wp\/v2\/media\/2591"}],"wp:attachment":[{"href":"https:\/\/fcvizela.pt\/loja\/wp-json\/wp\/v2\/media?parent=1962"}],"wp:term":[{"taxonomy":"product_brand","embeddable":true,"href":"https:\/\/fcvizela.pt\/loja\/wp-json\/wp\/v2\/product_brand?post=1962"},{"taxonomy":"product_cat","embeddable":true,"href":"https:\/\/fcvizela.pt\/loja\/wp-json\/wp\/v2\/product_cat?post=1962"},{"taxonomy":"product_tag","embeddable":true,"href":"https:\/\/fcvizela.pt\/loja\/wp-json\/wp\/v2\/product_tag?post=1962"}],"curies":[{"name":"wp","href":"https:\/\/api.w.org\/{rel}","templated":true}]}}