{"id":1699,"date":"2025-06-18T11:32:56","date_gmt":"2025-06-18T11:32:56","guid":{"rendered":"https:\/\/fcvizela.pt\/loja\/?post_type=product&#038;p=1699"},"modified":"2026-04-24T14:46:49","modified_gmt":"2026-04-24T14:46:49","slug":"camisola-alternativa-3-2024-25","status":"publish","type":"product","link":"https:\/\/fcvizela.pt\/loja\/produto\/camisola-alternativa-3-2024-25\/","title":{"rendered":"Camisola Alternativa Roxa \u2013 2024\/25"},"content":{"rendered":"<p>Com design arrojado em tons de roxo e riscas romanas, esta camisola da \u00e9poca 2024\/25 presta homenagem \u00e0 hist\u00f3ria da cidade. Um s\u00edmbolo de identidade e orgulho nas nossas origens e na heran\u00e7a cultural que molda a alma vizelense.<\/p>\n","protected":false},"excerpt":{"rendered":"<p>Com design arrojado em tons de roxo e riscas romanas, esta camisola da \u00e9poca 2024\/25 presta homenagem \u00e0 hist\u00f3ria da cidade. Um s\u00edmbolo de identidade e orgulho nas nossas origens e na heran\u00e7a cultural que molda a alma vizelense.<\/p>\n","protected":false},"featured_media":2591,"template":"","meta":[],"product_brand":[],"product_cat":[15,80,102],"product_tag":[],"class_list":{"0":"post-1699","1":"product","2":"type-product","3":"status-publish","4":"has-post-thumbnail","6":"product_cat-catalogo-completo","7":"product_cat-personalizaveis","8":"product_cat-promocoes","10":"first","11":"instock","12":"sale","13":"shipping-taxable","14":"purchasable","15":"product-type-variable"},"_links":{"self":[{"href":"https:\/\/fcvizela.pt\/loja\/wp-json\/wp\/v2\/product\/1699","targetHints":{"allow":["GET"]}}],"collection":[{"href":"https:\/\/fcvizela.pt\/loja\/wp-json\/wp\/v2\/product"}],"about":[{"href":"https:\/\/fcvizela.pt\/loja\/wp-json\/wp\/v2\/types\/product"}],"wp:featuredmedia":[{"embeddable":true,"href":"https:\/\/fcvizela.pt\/loja\/wp-json\/wp\/v2\/media\/2591"}],"wp:attachment":[{"href":"https:\/\/fcvizela.pt\/loja\/wp-json\/wp\/v2\/media?parent=1699"}],"wp:term":[{"taxonomy":"product_brand","embeddable":true,"href":"https:\/\/fcvizela.pt\/loja\/wp-json\/wp\/v2\/product_brand?post=1699"},{"taxonomy":"product_cat","embeddable":true,"href":"https:\/\/fcvizela.pt\/loja\/wp-json\/wp\/v2\/product_cat?post=1699"},{"taxonomy":"product_tag","embeddable":true,"href":"https:\/\/fcvizela.pt\/loja\/wp-json\/wp\/v2\/product_tag?post=1699"}],"curies":[{"name":"wp","href":"https:\/\/api.w.org\/{rel}","templated":true}]}}