{"id":1691,"date":"2025-06-18T11:20:57","date_gmt":"2025-06-18T11:20:57","guid":{"rendered":"https:\/\/fcvizela.pt\/loja\/?post_type=product&#038;p=1691"},"modified":"2026-04-24T14:47:14","modified_gmt":"2026-04-24T14:47:14","slug":"camisola-alternativa-2-2024-25","status":"publish","type":"product","link":"https:\/\/fcvizela.pt\/loja\/produto\/camisola-alternativa-2-2024-25\/","title":{"rendered":"Camisola Alternativa Branca \u2013 2024\/25"},"content":{"rendered":"<p>Criada com aten\u00e7\u00e3o ao detalhe, esta camisola alternativa da \u00e9poca de 2024\/25 une tradi\u00e7\u00e3o e modernidade. Os mosaicos inspirados nas conquistas do clube refor\u00e7am a alma vizelense.<\/p>\n","protected":false},"excerpt":{"rendered":"<p>Criada com aten\u00e7\u00e3o ao detalhe, esta camisola alternativa da \u00e9poca de 2024\/25 une tradi\u00e7\u00e3o e modernidade. Os mosaicos inspirados nas conquistas do clube refor\u00e7am a alma vizelense.<\/p>\n","protected":false},"featured_media":2588,"template":"","meta":[],"product_brand":[],"product_cat":[15,80,102],"product_tag":[],"class_list":{"0":"post-1691","1":"product","2":"type-product","3":"status-publish","4":"has-post-thumbnail","6":"product_cat-catalogo-completo","7":"product_cat-personalizaveis","8":"product_cat-promocoes","10":"first","11":"instock","12":"sale","13":"shipping-taxable","14":"purchasable","15":"product-type-variable"},"_links":{"self":[{"href":"https:\/\/fcvizela.pt\/loja\/wp-json\/wp\/v2\/product\/1691","targetHints":{"allow":["GET"]}}],"collection":[{"href":"https:\/\/fcvizela.pt\/loja\/wp-json\/wp\/v2\/product"}],"about":[{"href":"https:\/\/fcvizela.pt\/loja\/wp-json\/wp\/v2\/types\/product"}],"wp:featuredmedia":[{"embeddable":true,"href":"https:\/\/fcvizela.pt\/loja\/wp-json\/wp\/v2\/media\/2588"}],"wp:attachment":[{"href":"https:\/\/fcvizela.pt\/loja\/wp-json\/wp\/v2\/media?parent=1691"}],"wp:term":[{"taxonomy":"product_brand","embeddable":true,"href":"https:\/\/fcvizela.pt\/loja\/wp-json\/wp\/v2\/product_brand?post=1691"},{"taxonomy":"product_cat","embeddable":true,"href":"https:\/\/fcvizela.pt\/loja\/wp-json\/wp\/v2\/product_cat?post=1691"},{"taxonomy":"product_tag","embeddable":true,"href":"https:\/\/fcvizela.pt\/loja\/wp-json\/wp\/v2\/product_tag?post=1691"}],"curies":[{"name":"wp","href":"https:\/\/api.w.org\/{rel}","templated":true}]}}