{"id":1667,"date":"2025-06-18T09:57:59","date_gmt":"2025-06-18T09:57:59","guid":{"rendered":"https:\/\/fcvizela.pt\/loja\/?post_type=product&#038;p=1667"},"modified":"2026-04-02T14:25:08","modified_gmt":"2026-04-02T14:25:08","slug":"camisola-principal-2023-24","status":"publish","type":"product","link":"https:\/\/fcvizela.pt\/loja\/produto\/camisola-principal-2023-24\/","title":{"rendered":"Camisola Principal \u2013 2023\/24"},"content":{"rendered":"<p>Com tons de azul e detalhes inspirados nas \u00e1guas termais, esta camisola homenageia as ra\u00edzes da cidade. Um s\u00edmbolo de liga\u00e7\u00e3o entre clube, cidade e adeptos. Personaliza a tua camisola e sente a m\u00edstica vizelense.<\/p>\n","protected":false},"excerpt":{"rendered":"<p>Com tons de azul e detalhes inspirados nas \u00e1guas termais, esta camisola homenageia as ra\u00edzes da cidade. Um s\u00edmbolo de liga\u00e7\u00e3o entre clube, cidade e adeptos. Personaliza a tua camisola e sente a m\u00edstica vizelense.<\/p>\n","protected":false},"featured_media":2614,"template":"","meta":[],"product_brand":[],"product_cat":[15,80,102],"product_tag":[],"class_list":{"0":"post-1667","1":"product","2":"type-product","3":"status-publish","4":"has-post-thumbnail","6":"product_cat-catalogo-completo","7":"product_cat-personalizaveis","8":"product_cat-promocoes","10":"first","11":"instock","12":"sale","13":"shipping-taxable","14":"purchasable","15":"product-type-variable"},"_links":{"self":[{"href":"https:\/\/fcvizela.pt\/loja\/wp-json\/wp\/v2\/product\/1667","targetHints":{"allow":["GET"]}}],"collection":[{"href":"https:\/\/fcvizela.pt\/loja\/wp-json\/wp\/v2\/product"}],"about":[{"href":"https:\/\/fcvizela.pt\/loja\/wp-json\/wp\/v2\/types\/product"}],"wp:featuredmedia":[{"embeddable":true,"href":"https:\/\/fcvizela.pt\/loja\/wp-json\/wp\/v2\/media\/2614"}],"wp:attachment":[{"href":"https:\/\/fcvizela.pt\/loja\/wp-json\/wp\/v2\/media?parent=1667"}],"wp:term":[{"taxonomy":"product_brand","embeddable":true,"href":"https:\/\/fcvizela.pt\/loja\/wp-json\/wp\/v2\/product_brand?post=1667"},{"taxonomy":"product_cat","embeddable":true,"href":"https:\/\/fcvizela.pt\/loja\/wp-json\/wp\/v2\/product_cat?post=1667"},{"taxonomy":"product_tag","embeddable":true,"href":"https:\/\/fcvizela.pt\/loja\/wp-json\/wp\/v2\/product_tag?post=1667"}],"curies":[{"name":"wp","href":"https:\/\/api.w.org\/{rel}","templated":true}]}}