{"id":1660,"date":"2025-06-18T09:44:13","date_gmt":"2025-06-18T09:44:13","guid":{"rendered":"https:\/\/fcvizela.pt\/loja\/?post_type=product&#038;p=1660"},"modified":"2026-04-02T14:32:03","modified_gmt":"2026-04-02T14:32:03","slug":"calcao-alternativo-3-2023-24","status":"publish","type":"product","link":"https:\/\/fcvizela.pt\/loja\/produto\/calcao-alternativo-3-2023-24\/","title":{"rendered":"Cal\u00e7\u00e3o Alternativo Preto \u2013 2023\/24"},"content":{"rendered":"<p>Pretos com acabamentos dourados, estes cal\u00e7\u00f5es refletem a eleg\u00e2ncia e o esp\u00edrito distinto do terceiro equipamento. Para completar o visual com atitude vizelense.<\/p>\n","protected":false},"excerpt":{"rendered":"<p>Pretos com acabamentos dourados, estes cal\u00e7\u00f5es refletem a eleg\u00e2ncia e o esp\u00edrito distinto do terceiro equipamento. Para completar o visual com atitude vizelense.<\/p>\n","protected":false},"featured_media":1661,"template":"","meta":[],"product_brand":[],"product_cat":[15,102],"product_tag":[],"class_list":{"0":"post-1660","1":"product","2":"type-product","3":"status-publish","4":"has-post-thumbnail","6":"product_cat-catalogo-completo","7":"product_cat-promocoes","9":"first","10":"instock","11":"sale","12":"shipping-taxable","13":"purchasable","14":"product-type-variable"},"_links":{"self":[{"href":"https:\/\/fcvizela.pt\/loja\/wp-json\/wp\/v2\/product\/1660","targetHints":{"allow":["GET"]}}],"collection":[{"href":"https:\/\/fcvizela.pt\/loja\/wp-json\/wp\/v2\/product"}],"about":[{"href":"https:\/\/fcvizela.pt\/loja\/wp-json\/wp\/v2\/types\/product"}],"wp:featuredmedia":[{"embeddable":true,"href":"https:\/\/fcvizela.pt\/loja\/wp-json\/wp\/v2\/media\/1661"}],"wp:attachment":[{"href":"https:\/\/fcvizela.pt\/loja\/wp-json\/wp\/v2\/media?parent=1660"}],"wp:term":[{"taxonomy":"product_brand","embeddable":true,"href":"https:\/\/fcvizela.pt\/loja\/wp-json\/wp\/v2\/product_brand?post=1660"},{"taxonomy":"product_cat","embeddable":true,"href":"https:\/\/fcvizela.pt\/loja\/wp-json\/wp\/v2\/product_cat?post=1660"},{"taxonomy":"product_tag","embeddable":true,"href":"https:\/\/fcvizela.pt\/loja\/wp-json\/wp\/v2\/product_tag?post=1660"}],"curies":[{"name":"wp","href":"https:\/\/api.w.org\/{rel}","templated":true}]}}