{"id":1627,"date":"2025-06-17T13:44:37","date_gmt":"2025-06-17T13:44:37","guid":{"rendered":"https:\/\/fcvizela.pt\/loja\/?post_type=product&#038;p=1627"},"modified":"2026-04-24T14:51:36","modified_gmt":"2026-04-24T14:51:36","slug":"meias-brancas-kappa","status":"publish","type":"product","link":"https:\/\/fcvizela.pt\/loja\/produto\/meias-brancas-kappa\/","title":{"rendered":"Meias Brancas Kappa"},"content":{"rendered":"<p>As meias brancas Kappa garantem conforto, respirabilidade e durabilidade em cada treino. Com um design s\u00f3brio e funcional, s\u00e3o ideais para quem leva o desporto a s\u00e9rio.<\/p>\n","protected":false},"excerpt":{"rendered":"<p>As meias brancas Kappa garantem conforto, respirabilidade e durabilidade em cada treino. Com um design s\u00f3brio e funcional, s\u00e3o ideais para quem leva o desporto a s\u00e9rio.<\/p>\n","protected":false},"featured_media":1628,"template":"","meta":[],"product_brand":[],"product_cat":[15,103,21],"product_tag":[],"class_list":{"0":"post-1627","1":"product","2":"type-product","3":"status-publish","4":"has-post-thumbnail","6":"product_cat-catalogo-completo","7":"product_cat-meias","8":"product_cat-vestuario","10":"first","11":"instock","12":"sale","13":"shipping-taxable","14":"purchasable","15":"product-type-variable"},"_links":{"self":[{"href":"https:\/\/fcvizela.pt\/loja\/wp-json\/wp\/v2\/product\/1627","targetHints":{"allow":["GET"]}}],"collection":[{"href":"https:\/\/fcvizela.pt\/loja\/wp-json\/wp\/v2\/product"}],"about":[{"href":"https:\/\/fcvizela.pt\/loja\/wp-json\/wp\/v2\/types\/product"}],"wp:featuredmedia":[{"embeddable":true,"href":"https:\/\/fcvizela.pt\/loja\/wp-json\/wp\/v2\/media\/1628"}],"wp:attachment":[{"href":"https:\/\/fcvizela.pt\/loja\/wp-json\/wp\/v2\/media?parent=1627"}],"wp:term":[{"taxonomy":"product_brand","embeddable":true,"href":"https:\/\/fcvizela.pt\/loja\/wp-json\/wp\/v2\/product_brand?post=1627"},{"taxonomy":"product_cat","embeddable":true,"href":"https:\/\/fcvizela.pt\/loja\/wp-json\/wp\/v2\/product_cat?post=1627"},{"taxonomy":"product_tag","embeddable":true,"href":"https:\/\/fcvizela.pt\/loja\/wp-json\/wp\/v2\/product_tag?post=1627"}],"curies":[{"name":"wp","href":"https:\/\/api.w.org\/{rel}","templated":true}]}}