{"id":1585,"date":"2025-06-17T13:00:32","date_gmt":"2025-06-17T13:00:32","guid":{"rendered":"https:\/\/fcvizela.pt\/loja\/?post_type=product&#038;p=1585"},"modified":"2026-04-02T11:32:22","modified_gmt":"2026-04-02T11:32:22","slug":"caneca","status":"publish","type":"product","link":"https:\/\/fcvizela.pt\/loja\/produto\/caneca\/","title":{"rendered":"Caneca"},"content":{"rendered":"<p>Come\u00e7a o dia com as cores do FC Vizela. Resistente, envolvente e perfeita para o teu caf\u00e9 da manh\u00e3 com sabor vizelense.<\/p>\n","protected":false},"excerpt":{"rendered":"<p>Come\u00e7a o dia com as cores do FC Vizela. Resistente, envolvente e perfeita para o teu caf\u00e9 da manh\u00e3 com sabor vizelense.<\/p>\n","protected":false},"featured_media":1586,"template":"","meta":[],"product_brand":[],"product_cat":[20,15],"product_tag":[],"class_list":{"0":"post-1585","1":"product","2":"type-product","3":"status-publish","4":"has-post-thumbnail","6":"product_cat-acessorios","7":"product_cat-catalogo-completo","9":"first","10":"instock","11":"shipping-taxable","12":"purchasable","13":"product-type-simple"},"_links":{"self":[{"href":"https:\/\/fcvizela.pt\/loja\/wp-json\/wp\/v2\/product\/1585","targetHints":{"allow":["GET"]}}],"collection":[{"href":"https:\/\/fcvizela.pt\/loja\/wp-json\/wp\/v2\/product"}],"about":[{"href":"https:\/\/fcvizela.pt\/loja\/wp-json\/wp\/v2\/types\/product"}],"wp:featuredmedia":[{"embeddable":true,"href":"https:\/\/fcvizela.pt\/loja\/wp-json\/wp\/v2\/media\/1586"}],"wp:attachment":[{"href":"https:\/\/fcvizela.pt\/loja\/wp-json\/wp\/v2\/media?parent=1585"}],"wp:term":[{"taxonomy":"product_brand","embeddable":true,"href":"https:\/\/fcvizela.pt\/loja\/wp-json\/wp\/v2\/product_brand?post=1585"},{"taxonomy":"product_cat","embeddable":true,"href":"https:\/\/fcvizela.pt\/loja\/wp-json\/wp\/v2\/product_cat?post=1585"},{"taxonomy":"product_tag","embeddable":true,"href":"https:\/\/fcvizela.pt\/loja\/wp-json\/wp\/v2\/product_tag?post=1585"}],"curies":[{"name":"wp","href":"https:\/\/api.w.org\/{rel}","templated":true}]}}