{"id":1582,"date":"2025-06-17T12:57:33","date_gmt":"2025-06-17T12:57:33","guid":{"rendered":"https:\/\/fcvizela.pt\/loja\/?post_type=product&#038;p=1582"},"modified":"2026-03-16T10:45:41","modified_gmt":"2026-03-16T10:45:41","slug":"chapeu","status":"publish","type":"product","link":"https:\/\/fcvizela.pt\/loja\/produto\/chapeu\/","title":{"rendered":"Bon\u00e9 2024\/2025"},"content":{"rendered":"<p>Bon\u00e9 azul-marinho com o emblema do Vizela bordado. Essencial para dias de sol e para mostrar o teu apoio com estilo e prote\u00e7\u00e3o.<\/p>\n","protected":false},"excerpt":{"rendered":"<p>Bon\u00e9 azul-marinho com o emblema do Vizela bordado. Essencial para dias de sol e para mostrar o teu apoio com estilo e prote\u00e7\u00e3o.<\/p>\n","protected":false},"featured_media":1583,"template":"","meta":[],"product_brand":[],"product_cat":[20,15],"product_tag":[],"class_list":{"0":"post-1582","1":"product","2":"type-product","3":"status-publish","4":"has-post-thumbnail","6":"product_cat-acessorios","7":"product_cat-catalogo-completo","9":"first","10":"outofstock","11":"shipping-taxable","12":"purchasable","13":"product-type-simple"},"_links":{"self":[{"href":"https:\/\/fcvizela.pt\/loja\/wp-json\/wp\/v2\/product\/1582","targetHints":{"allow":["GET"]}}],"collection":[{"href":"https:\/\/fcvizela.pt\/loja\/wp-json\/wp\/v2\/product"}],"about":[{"href":"https:\/\/fcvizela.pt\/loja\/wp-json\/wp\/v2\/types\/product"}],"wp:featuredmedia":[{"embeddable":true,"href":"https:\/\/fcvizela.pt\/loja\/wp-json\/wp\/v2\/media\/1583"}],"wp:attachment":[{"href":"https:\/\/fcvizela.pt\/loja\/wp-json\/wp\/v2\/media?parent=1582"}],"wp:term":[{"taxonomy":"product_brand","embeddable":true,"href":"https:\/\/fcvizela.pt\/loja\/wp-json\/wp\/v2\/product_brand?post=1582"},{"taxonomy":"product_cat","embeddable":true,"href":"https:\/\/fcvizela.pt\/loja\/wp-json\/wp\/v2\/product_cat?post=1582"},{"taxonomy":"product_tag","embeddable":true,"href":"https:\/\/fcvizela.pt\/loja\/wp-json\/wp\/v2\/product_tag?post=1582"}],"curies":[{"name":"wp","href":"https:\/\/api.w.org\/{rel}","templated":true}]}}