{"id":1580,"date":"2025-06-17T12:03:51","date_gmt":"2025-06-17T12:03:51","guid":{"rendered":"https:\/\/fcvizela.pt\/loja\/?post_type=product&#038;p=1580"},"modified":"2026-04-24T13:32:44","modified_gmt":"2026-04-24T13:32:44","slug":"abre-capsulas","status":"publish","type":"product","link":"https:\/\/fcvizela.pt\/loja\/produto\/abre-capsulas\/","title":{"rendered":"Abre-C\u00e1psulas"},"content":{"rendered":"<p>Pr\u00e1tico, resistente e cheio de identidade. Este abre-c\u00e1psulas com o s\u00edmbolo do FC Vizela \u00e9 o acess\u00f3rio perfeito para usar em casa, em conv\u00edvios ou para oferecer a um verdadeiro Vizelense.<\/p>\n","protected":false},"excerpt":{"rendered":"<p>Pr\u00e1tico, resistente e cheio de identidade. Este abre-c\u00e1psulas com o s\u00edmbolo do FC Vizela \u00e9 o acess\u00f3rio perfeito para usar em casa, em conv\u00edvios ou para oferecer a um verdadeiro Vizelense.<\/p>\n","protected":false},"featured_media":1581,"template":"","meta":[],"product_brand":[],"product_cat":[20,15],"product_tag":[],"class_list":{"0":"post-1580","1":"product","2":"type-product","3":"status-publish","4":"has-post-thumbnail","6":"product_cat-acessorios","7":"product_cat-catalogo-completo","9":"first","10":"instock","11":"shipping-taxable","12":"purchasable","13":"product-type-simple"},"_links":{"self":[{"href":"https:\/\/fcvizela.pt\/loja\/wp-json\/wp\/v2\/product\/1580","targetHints":{"allow":["GET"]}}],"collection":[{"href":"https:\/\/fcvizela.pt\/loja\/wp-json\/wp\/v2\/product"}],"about":[{"href":"https:\/\/fcvizela.pt\/loja\/wp-json\/wp\/v2\/types\/product"}],"wp:featuredmedia":[{"embeddable":true,"href":"https:\/\/fcvizela.pt\/loja\/wp-json\/wp\/v2\/media\/1581"}],"wp:attachment":[{"href":"https:\/\/fcvizela.pt\/loja\/wp-json\/wp\/v2\/media?parent=1580"}],"wp:term":[{"taxonomy":"product_brand","embeddable":true,"href":"https:\/\/fcvizela.pt\/loja\/wp-json\/wp\/v2\/product_brand?post=1580"},{"taxonomy":"product_cat","embeddable":true,"href":"https:\/\/fcvizela.pt\/loja\/wp-json\/wp\/v2\/product_cat?post=1580"},{"taxonomy":"product_tag","embeddable":true,"href":"https:\/\/fcvizela.pt\/loja\/wp-json\/wp\/v2\/product_tag?post=1580"}],"curies":[{"name":"wp","href":"https:\/\/api.w.org\/{rel}","templated":true}]}}